{"id":634,"date":"2019-04-13T13:34:05","date_gmt":"2019-04-13T11:34:05","guid":{"rendered":"http:\/\/wordpress.heimatbund-garching.de\/?page_id=634"},"modified":"2026-02-25T19:35:36","modified_gmt":"2026-02-25T18:35:36","slug":"verein","status":"publish","type":"page","link":"https:\/\/www.heimatbund-garching.de\/?page_id=634","title":{"rendered":"Verein"},"content":{"rendered":"\t\t<div data-elementor-type=\"wp-post\" data-elementor-id=\"634\" class=\"elementor elementor-634\">\n\t\t\t\t\t\t<section class=\"elementor-section elementor-top-section elementor-element elementor-element-250ab0d elementor-section-boxed elementor-section-height-default elementor-section-height-default\" data-id=\"250ab0d\" data-element_type=\"section\" data-e-type=\"section\" data-settings=\"{&quot;background_background&quot;:&quot;classic&quot;}\">\n\t\t\t\t\t\t<div class=\"elementor-container elementor-column-gap-default\">\n\t\t\t\t\t<div class=\"elementor-column elementor-col-100 elementor-top-column elementor-element elementor-element-cb702cc\" data-id=\"cb702cc\" data-element_type=\"column\" data-e-type=\"column\">\n\t\t\t<div class=\"elementor-widget-wrap elementor-element-populated\">\n\t\t\t\t\t\t<div class=\"elementor-element elementor-element-2d55e98 elementor-widget elementor-widget-heading\" data-id=\"2d55e98\" data-element_type=\"widget\" data-e-type=\"widget\" data-widget_type=\"heading.default\">\n\t\t\t\t<div class=\"elementor-widget-container\">\n\t\t\t\t\t<h2 class=\"elementor-heading-title elementor-size-default\">Verein<\/h2>\t\t\t\t<\/div>\n\t\t\t\t<\/div>\n\t\t\t\t\t<\/div>\n\t\t<\/div>\n\t\t\t\t\t<\/div>\n\t\t<\/section>\n\t\t\t\t<section class=\"elementor-section elementor-top-section elementor-element elementor-element-80cc65a elementor-section-boxed elementor-section-height-default elementor-section-height-default\" data-id=\"80cc65a\" data-element_type=\"section\" data-e-type=\"section\">\n\t\t\t\t\t\t<div class=\"elementor-container elementor-column-gap-default\">\n\t\t\t\t\t<div class=\"elementor-column elementor-col-100 elementor-top-column elementor-element elementor-element-31beaf2\" data-id=\"31beaf2\" data-element_type=\"column\" data-e-type=\"column\">\n\t\t\t<div class=\"elementor-widget-wrap elementor-element-populated\">\n\t\t\t\t\t\t<div class=\"elementor-element elementor-element-63c9423 elementor-widget elementor-widget-spacer\" data-id=\"63c9423\" data-element_type=\"widget\" data-e-type=\"widget\" data-widget_type=\"spacer.default\">\n\t\t\t\t<div class=\"elementor-widget-container\">\n\t\t\t\t\t\t\t<div class=\"elementor-spacer\">\n\t\t\t<div class=\"elementor-spacer-inner\"><\/div>\n\t\t<\/div>\n\t\t\t\t\t\t<\/div>\n\t\t\t\t<\/div>\n\t\t\t\t\t<\/div>\n\t\t<\/div>\n\t\t\t\t\t<\/div>\n\t\t<\/section>\n\t\t\t\t<section class=\"elementor-section elementor-top-section elementor-element elementor-element-5468686 elementor-section-boxed elementor-section-height-default elementor-section-height-default\" data-id=\"5468686\" data-element_type=\"section\" data-e-type=\"section\">\n\t\t\t\t\t\t<div class=\"elementor-container elementor-column-gap-default\">\n\t\t\t\t\t<div class=\"elementor-column elementor-col-100 elementor-top-column elementor-element elementor-element-6542362b\" data-id=\"6542362b\" data-element_type=\"column\" data-e-type=\"column\">\n\t\t\t<div class=\"elementor-widget-wrap elementor-element-populated\">\n\t\t\t\t\t\t<div class=\"elementor-element elementor-element-59e7955b elementor-widget elementor-widget-text-editor\" data-id=\"59e7955b\" data-element_type=\"widget\" data-e-type=\"widget\" data-widget_type=\"text-editor.default\">\n\t\t\t\t<div class=\"elementor-widget-container\">\n\t\t\t\t\t\t\t\t\t<p><\/p>\n<h2 class=\"wp-block-heading\">Der Heimatbund Garching stellt sich vor<\/h2>\n<p><\/p>\n<p><\/p>\n<h3 class=\"wp-block-heading\">&#8211; Vergangenheit verstehen &#8211; Heimat schaffen &#8211;<\/h3>\n<p><\/p>\n<p><\/p>\n<p>1950 haben sich geschichtsbegeisterte Menschen zusammengefunden, die 1953 den Heimatbund Garching gegr\u00fcndet haben. Ziel war das Bewahren historischer Sachkultur, die F\u00f6rderung der regionalen Identit\u00e4t der Garchinger und ihres Verst\u00e4ndnisses f\u00fcr eine liebenswerte Landschaft mit reicher Geschichte, die lebendig gemacht werden soll. Seither k\u00fcmmern wir uns darum. Ausdr\u00fccklich eingeschlossen sind dabei die Ortsteile Hart, Mauerberg und Wald.<\/p>\n<p>Dies wird nicht erreicht durch \u201eSentimentalit\u00e4t\u201c, sondern aktive Arbeit. Wir tragen bei zur Erhaltung von Brauchtum und Kultur, sowie zur Wissensvermittlung durch Dokumentation der fr\u00fchen und j\u00fcngeren Vergangenheit.<\/p>\n<p><\/p>\n<p><\/p>\n<p><em>Quellen: Geschichte und G`schichten aus der Gemeinde Garching a. d. Alz, von Fritz Demmel; Vereinsbuch, Presseberichte, Programme und Sitzungsprotokolle des Heimatbundes Garching<\/em><\/p>\n<p><\/p>\t\t\t\t\t\t\t\t<\/div>\n\t\t\t\t<\/div>\n\t\t\t\t\t<\/div>\n\t\t<\/div>\n\t\t\t\t\t<\/div>\n\t\t<\/section>\n\t\t\t\t<section class=\"elementor-section elementor-top-section elementor-element elementor-element-42f4159 elementor-section-boxed elementor-section-height-default elementor-section-height-default\" data-id=\"42f4159\" data-element_type=\"section\" data-e-type=\"section\">\n\t\t\t\t\t\t<div class=\"elementor-container elementor-column-gap-default\">\n\t\t\t\t\t<div class=\"elementor-column elementor-col-100 elementor-top-column elementor-element elementor-element-6a04730\" data-id=\"6a04730\" data-element_type=\"column\" data-e-type=\"column\">\n\t\t\t<div class=\"elementor-widget-wrap elementor-element-populated\">\n\t\t\t\t\t\t<section class=\"elementor-section elementor-inner-section elementor-element elementor-element-ed1edeb elementor-section-boxed elementor-section-height-default elementor-section-height-default\" data-id=\"ed1edeb\" data-element_type=\"section\" data-e-type=\"section\">\n\t\t\t\t\t\t<div class=\"elementor-container elementor-column-gap-default\">\n\t\t\t\t\t<div class=\"elementor-column elementor-col-50 elementor-inner-column elementor-element elementor-element-583ffbb\" data-id=\"583ffbb\" data-element_type=\"column\" data-e-type=\"column\">\n\t\t\t<div class=\"elementor-widget-wrap elementor-element-populated\">\n\t\t\t\t\t\t<div class=\"elementor-element elementor-element-ac2e5ad elementor-widget elementor-widget-heading\" data-id=\"ac2e5ad\" data-element_type=\"widget\" data-e-type=\"widget\" data-widget_type=\"heading.default\">\n\t\t\t\t<div class=\"elementor-widget-container\">\n\t\t\t\t\t<h4 class=\"elementor-heading-title elementor-size-default\">Unsere Mitglieder<\/h4>\t\t\t\t<\/div>\n\t\t\t\t<\/div>\n\t\t\t\t<div class=\"elementor-element elementor-element-d1eb709 elementor-widget elementor-widget-text-editor\" data-id=\"d1eb709\" data-element_type=\"widget\" data-e-type=\"widget\" data-widget_type=\"text-editor.default\">\n\t\t\t\t<div class=\"elementor-widget-container\">\n\t\t\t\t\t\t\t\t\t<ul>\n<li><b>Stand Dezember 2025: 383 Mitglieder<\/b><\/li>\n<li>betreiben seit 1953 den Aufbau der ortsgeschichtlichen Sammlung mit Schwerpunkt\u00a0 Arch\u00e4ologie<\/li>\n<li>restaurieren seit 1978 die Flurdenkmale im Gemeindegebiet<\/li>\n<li>erarbeiten seit 1980 das vereinseigene Bildarchiv<\/li>\n<li>veranstalten seit 1994 Sonderausstellungen zur Geschichte, Kunst und Kultur im Museum am Rathaus<\/li>\n<li>ver\u00f6ffentlichen seit 1981 Publikationen in der vom Heimatbund mitgetragenen Jahresschrift \u201e\u00d6ttinger Land\u201c<\/li>\n<li>unterst\u00fctzten 1999 die Herausgabe des Heimatbuches \u201eGeschichte und Geschichten aus der Gemeinde Garching an der Alz\u201c.<\/li>\n<\/ul>\t\t\t\t\t\t\t\t<\/div>\n\t\t\t\t<\/div>\n\t\t\t\t\t<\/div>\n\t\t<\/div>\n\t\t\t\t<div class=\"elementor-column elementor-col-50 elementor-inner-column elementor-element elementor-element-22dae5a\" data-id=\"22dae5a\" data-element_type=\"column\" data-e-type=\"column\">\n\t\t\t<div class=\"elementor-widget-wrap elementor-element-populated\">\n\t\t\t\t\t\t<div class=\"elementor-element elementor-element-66010ed elementor-widget elementor-widget-heading\" data-id=\"66010ed\" data-element_type=\"widget\" data-e-type=\"widget\" data-widget_type=\"heading.default\">\n\t\t\t\t<div class=\"elementor-widget-container\">\n\t\t\t\t\t<h4 class=\"elementor-heading-title elementor-size-default\">Wir bieten<\/h4>\t\t\t\t<\/div>\n\t\t\t\t<\/div>\n\t\t\t\t<div class=\"elementor-element elementor-element-7576959 elementor-widget elementor-widget-text-editor\" data-id=\"7576959\" data-element_type=\"widget\" data-e-type=\"widget\" data-widget_type=\"text-editor.default\">\n\t\t\t\t<div class=\"elementor-widget-container\">\n\t\t\t\t\t\t\t\t\t<ul>\n<li>Tagesfahrten mit Besichtigungen, Stadtf\u00fchrungen und Ausstellungen zur Landes-, Kunst- oder Handwerksgeschichte<\/li>\n<li>Unterst\u00fctzung von Sch\u00fclern und Studenten zur inhaltlichen F\u00f6rderung ihrer Fach-, Diplom- und Magisterarbeiten zu Themen der Region<\/li>\n<li>Beratung bei Privatinitiativen in den Bereichen Denkmalpflege, Flurdenkmale, Brauchtum, Trachten etc.<\/li>\n<li>die Teilnahme an Wanderungen, Radausfl\u00fcgen, Vortr\u00e4gen, Volksmusikabenden und Lesungen<\/li>\n<li>zweimal im Jahr ein kostenloses Mitteilungsblatt mit Veranstaltungsprogramm und Informationen zur Vereinsarbeit.<\/li>\n<\/ul>\t\t\t\t\t\t\t\t<\/div>\n\t\t\t\t<\/div>\n\t\t\t\t\t<\/div>\n\t\t<\/div>\n\t\t\t\t\t<\/div>\n\t\t<\/section>\n\t\t\t\t\t<\/div>\n\t\t<\/div>\n\t\t\t\t\t<\/div>\n\t\t<\/section>\n\t\t\t\t<section class=\"elementor-section elementor-top-section elementor-element elementor-element-526cbb2 elementor-section-boxed elementor-section-height-default elementor-section-height-default\" data-id=\"526cbb2\" data-element_type=\"section\" data-e-type=\"section\">\n\t\t\t\t\t\t<div class=\"elementor-container elementor-column-gap-default\">\n\t\t\t\t\t<div class=\"elementor-column elementor-col-100 elementor-top-column elementor-element elementor-element-faa46de\" data-id=\"faa46de\" data-element_type=\"column\" data-e-type=\"column\">\n\t\t\t<div class=\"elementor-widget-wrap\">\n\t\t\t\t\t\t\t<\/div>\n\t\t<\/div>\n\t\t\t\t\t<\/div>\n\t\t<\/section>\n\t\t\t\t<\/div>\n\t\t","protected":false},"excerpt":{"rendered":"<p>Verein Der Heimatbund Garching stellt sich vor &#8211; Vergangenheit verstehen &#8211; Heimat schaffen &#8211; 1950 haben sich geschichtsbegeisterte Menschen zusammengefunden, die 1953 den Heimatbund Garching gegr\u00fcndet haben. Ziel war das Bewahren historischer Sachkultur, die F\u00f6rderung der regionalen Identit\u00e4t der Garchinger und ihres Verst\u00e4ndnisses f\u00fcr eine liebenswerte Landschaft mit reicher Geschichte, die lebendig gemacht werden soll.&hellip;&nbsp;<a href=\"https:\/\/www.heimatbund-garching.de\/?page_id=634\" rel=\"bookmark\">Weiterlesen &raquo;<span class=\"screen-reader-text\">Verein<\/span><\/a><\/p>\n","protected":false},"author":1,"featured_media":0,"parent":0,"menu_order":0,"comment_status":"closed","ping_status":"closed","template":"page-templates\/template-pagebuilder-full-width.php","meta":{"neve_meta_sidebar":"","neve_meta_container":"","neve_meta_enable_content_width":"","neve_meta_content_width":70,"neve_meta_title_alignment":"","neve_meta_author_avatar":"","neve_post_elements_order":"","neve_meta_disable_header":"","neve_meta_disable_footer":"","neve_meta_disable_title":"","_themeisle_gutenberg_block_has_review":false,"footnotes":""},"class_list":["post-634","page","type-page","status-publish","hentry"],"_links":{"self":[{"href":"https:\/\/www.heimatbund-garching.de\/index.php?rest_route=\/wp\/v2\/pages\/634","targetHints":{"allow":["GET"]}}],"collection":[{"href":"https:\/\/www.heimatbund-garching.de\/index.php?rest_route=\/wp\/v2\/pages"}],"about":[{"href":"https:\/\/www.heimatbund-garching.de\/index.php?rest_route=\/wp\/v2\/types\/page"}],"author":[{"embeddable":true,"href":"https:\/\/www.heimatbund-garching.de\/index.php?rest_route=\/wp\/v2\/users\/1"}],"replies":[{"embeddable":true,"href":"https:\/\/www.heimatbund-garching.de\/index.php?rest_route=%2Fwp%2Fv2%2Fcomments&post=634"}],"version-history":[{"count":21,"href":"https:\/\/www.heimatbund-garching.de\/index.php?rest_route=\/wp\/v2\/pages\/634\/revisions"}],"predecessor-version":[{"id":2655,"href":"https:\/\/www.heimatbund-garching.de\/index.php?rest_route=\/wp\/v2\/pages\/634\/revisions\/2655"}],"wp:attachment":[{"href":"https:\/\/www.heimatbund-garching.de\/index.php?rest_route=%2Fwp%2Fv2%2Fmedia&parent=634"}],"curies":[{"name":"wp","href":"https:\/\/api.w.org\/{rel}","templated":true}]}}