{"id":639,"date":"2019-04-13T13:47:09","date_gmt":"2019-04-13T11:47:09","guid":{"rendered":"http:\/\/wordpress.heimatbund-garching.de\/?page_id=639"},"modified":"2026-02-22T17:57:11","modified_gmt":"2026-02-22T16:57:11","slug":"vorstandschef","status":"publish","type":"page","link":"https:\/\/www.heimatbund-garching.de\/?page_id=639","title":{"rendered":"Vorstandschaft"},"content":{"rendered":"<h2>\u00a0 \u00a0 Vorstandschaft<\/h2>\n<h3>\u00a0 \u00a0 Amtsperiode<\/h3>\n<h6>\u00a0 \u00a0 \u00a0 Die Vorstandschaft wird gem\u00e4\u00df Satzung von der Mitgliederversammlung f\u00fcr 2 Jahre gew\u00e4hlt.<\/h6>\n<h3>\u00a0 \u00a0 Wahlen<\/h3>\n<h6>\u00a0 \u00a0 \u00a0 Die letzte Wahl war am 03. Februar 2026<\/h6>\n<h1>\u00a0 \u00a0Vorstandschaft<\/h1>\n<figure><\/figure>\n<h6>\u00a0 \u00a0 \u00a0 Wolfmeier Peter\u00a0 \u00a0 \u00a0 \u00a0 \u00a0 \u00a0 \u00a0 \u00a0 1. Vorsitzender<\/h6>\n<figure><\/figure>\n<h6>\u00a0 \u00a0 \u00a0 Jakob Mayer\u00a0 \u00a0 \u00a0 \u00a0 \u00a0 \u00a0 \u00a0 \u00a0 \u00a0 \u00a0 \u00a0 2. Vorsitzender<\/h6>\n<figure><\/figure>\n<h6>\u00a0 \u00a0 \u00a0 Huber Uwe\u00a0 \u00a0 \u00a0 \u00a0 \u00a0 \u00a0 \u00a0 \u00a0 \u00a0 \u00a0 \u00a0 \u00a0 \u00a0Kassier<\/h6>\n<figure><\/figure>\n<h6>\u00a0 \u00a0 \u00a0 Schindlbeck Bernhard\u00a0 \u00a0 \u00a0 Schriftf\u00fchrer<\/h6>\n<figure><\/figure>\n<figure><\/figure>\n<figure><\/figure>\n<h6>\u00a0 \u00a0 \u00a0 Ring R\u00fcdiger\u00a0 \u00a0 \u00a0 \u00a0 \u00a0 \u00a0 \u00a0 \u00a0 \u00a0 \u00a0 \u00a0 Beisitzer<\/h6>\n<figure><\/figure>\n<h6>\u00a0 \u00a0 \u00a0 Dr. Huber Andreas\u00a0 \u00a0 \u00a0 \u00a0 \u00a0 \u00a0 \u00a0Beisitzer<\/h6>\n<h6>\u00a0 \u00a0 \u00a0 Johannes Schmitzer\u00a0 \u00a0 \u00a0 \u00a0 \u00a0Beisitzer<\/h6>\n<h6>\u00a0 \u00a0 \u00a0 Schleicher Marian\u00a0 \u00a0 \u00a0 \u00a0 \u00a0 \u00a0 \u00a0 Beisitzer<\/h6>\n","protected":false},"excerpt":{"rendered":"<p>\u00a0 \u00a0 Vorstandschaft \u00a0 \u00a0 Amtsperiode \u00a0 \u00a0 \u00a0 Die Vorstandschaft wird gem\u00e4\u00df Satzung von der Mitgliederversammlung f\u00fcr 2 Jahre gew\u00e4hlt. \u00a0 \u00a0 Wahlen \u00a0 \u00a0 \u00a0 Die letzte Wahl war am 03. Februar 2026 \u00a0 \u00a0Vorstandschaft \u00a0 \u00a0 \u00a0 Wolfmeier Peter\u00a0 \u00a0 \u00a0 \u00a0 \u00a0 \u00a0 \u00a0 \u00a0 1. Vorsitzender \u00a0 \u00a0 \u00a0 Jakob&hellip;&nbsp;<a href=\"https:\/\/www.heimatbund-garching.de\/?page_id=639\" rel=\"bookmark\">Weiterlesen &raquo;<span class=\"screen-reader-text\">Vorstandschaft<\/span><\/a><\/p>\n","protected":false},"author":1,"featured_media":0,"parent":634,"menu_order":0,"comment_status":"closed","ping_status":"closed","template":"page-templates\/template-pagebuilder-full-width.php","meta":{"neve_meta_sidebar":"","neve_meta_container":"","neve_meta_enable_content_width":"off","neve_meta_content_width":0,"neve_meta_title_alignment":"","neve_meta_author_avatar":"","neve_post_elements_order":"","neve_meta_disable_header":"","neve_meta_disable_footer":"","neve_meta_disable_title":"","_themeisle_gutenberg_block_has_review":false,"footnotes":""},"class_list":["post-639","page","type-page","status-publish","hentry"],"_links":{"self":[{"href":"https:\/\/www.heimatbund-garching.de\/index.php?rest_route=\/wp\/v2\/pages\/639","targetHints":{"allow":["GET"]}}],"collection":[{"href":"https:\/\/www.heimatbund-garching.de\/index.php?rest_route=\/wp\/v2\/pages"}],"about":[{"href":"https:\/\/www.heimatbund-garching.de\/index.php?rest_route=\/wp\/v2\/types\/page"}],"author":[{"embeddable":true,"href":"https:\/\/www.heimatbund-garching.de\/index.php?rest_route=\/wp\/v2\/users\/1"}],"replies":[{"embeddable":true,"href":"https:\/\/www.heimatbund-garching.de\/index.php?rest_route=%2Fwp%2Fv2%2Fcomments&post=639"}],"version-history":[{"count":42,"href":"https:\/\/www.heimatbund-garching.de\/index.php?rest_route=\/wp\/v2\/pages\/639\/revisions"}],"predecessor-version":[{"id":2639,"href":"https:\/\/www.heimatbund-garching.de\/index.php?rest_route=\/wp\/v2\/pages\/639\/revisions\/2639"}],"up":[{"embeddable":true,"href":"https:\/\/www.heimatbund-garching.de\/index.php?rest_route=\/wp\/v2\/pages\/634"}],"wp:attachment":[{"href":"https:\/\/www.heimatbund-garching.de\/index.php?rest_route=%2Fwp%2Fv2%2Fmedia&parent=639"}],"curies":[{"name":"wp","href":"https:\/\/api.w.org\/{rel}","templated":true}]}}