{"id":663,"date":"2019-04-13T15:06:37","date_gmt":"2019-04-13T13:06:37","guid":{"rendered":"http:\/\/wordpress.heimatbund-garching.de\/?page_id=663"},"modified":"2024-06-09T15:45:50","modified_gmt":"2024-06-09T13:45:50","slug":"museum","status":"publish","type":"page","link":"https:\/\/www.heimatbund-garching.de\/?page_id=663","title":{"rendered":"Museum"},"content":{"rendered":"\t\t<div data-elementor-type=\"wp-post\" data-elementor-id=\"663\" class=\"elementor elementor-663\">\n\t\t\t\t\t\t<section class=\"elementor-section elementor-top-section elementor-element elementor-element-9511fcc elementor-section-boxed elementor-section-height-default elementor-section-height-default\" data-id=\"9511fcc\" data-element_type=\"section\" data-e-type=\"section\" data-settings=\"{&quot;background_background&quot;:&quot;classic&quot;}\">\n\t\t\t\t\t\t<div class=\"elementor-container elementor-column-gap-default\">\n\t\t\t\t\t<div class=\"elementor-column elementor-col-100 elementor-top-column elementor-element elementor-element-a39f2a9\" data-id=\"a39f2a9\" data-element_type=\"column\" data-e-type=\"column\">\n\t\t\t<div class=\"elementor-widget-wrap elementor-element-populated\">\n\t\t\t\t\t\t<div class=\"elementor-element elementor-element-a954427 elementor-widget elementor-widget-heading\" data-id=\"a954427\" data-element_type=\"widget\" data-e-type=\"widget\" data-widget_type=\"heading.default\">\n\t\t\t\t<div class=\"elementor-widget-container\">\n\t\t\t\t\t<h2 class=\"elementor-heading-title elementor-size-default\">Unsere Ausstellungen<\/h2>\t\t\t\t<\/div>\n\t\t\t\t<\/div>\n\t\t\t\t<section class=\"elementor-section elementor-inner-section elementor-element elementor-element-31f272e elementor-section-boxed elementor-section-height-default elementor-section-height-default\" data-id=\"31f272e\" data-element_type=\"section\" data-e-type=\"section\">\n\t\t\t\t\t\t<div class=\"elementor-container elementor-column-gap-default\">\n\t\t\t\t\t<div class=\"elementor-column elementor-col-50 elementor-inner-column elementor-element elementor-element-e2c73a3\" data-id=\"e2c73a3\" data-element_type=\"column\" data-e-type=\"column\" data-settings=\"{&quot;background_background&quot;:&quot;classic&quot;}\">\n\t\t\t<div class=\"elementor-widget-wrap elementor-element-populated\">\n\t\t\t\t\t\t<div class=\"elementor-element elementor-element-abab89b elementor-position-top elementor-widget elementor-widget-image-box\" data-id=\"abab89b\" data-element_type=\"widget\" data-e-type=\"widget\" data-widget_type=\"image-box.default\">\n\t\t\t\t<div class=\"elementor-widget-container\">\n\t\t\t\t\t<div class=\"elementor-image-box-wrapper\"><figure class=\"elementor-image-box-img\"><a href=\"?page_id=671\" tabindex=\"-1\"><img fetchpriority=\"high\" decoding=\"async\" width=\"201\" height=\"300\" src=\"https:\/\/www.heimatbund-garching.de\/wp-content\/uploads\/2019\/04\/pic1-201x300.jpg\" class=\"attachment-medium size-medium wp-image-669\" alt=\"\" srcset=\"https:\/\/www.heimatbund-garching.de\/wp-content\/uploads\/2019\/04\/pic1-201x300.jpg 201w, https:\/\/www.heimatbund-garching.de\/wp-content\/uploads\/2019\/04\/pic1.jpg 401w\" sizes=\"(max-width: 201px) 100vw, 201px\" \/><\/a><\/figure><div class=\"elementor-image-box-content\"><h2 class=\"elementor-image-box-title\"><a href=\"?page_id=671\">Dauerausstellung<\/a><\/h2><\/div><\/div>\t\t\t\t<\/div>\n\t\t\t\t<\/div>\n\t\t\t\t\t<\/div>\n\t\t<\/div>\n\t\t\t\t<div class=\"elementor-column elementor-col-50 elementor-inner-column elementor-element elementor-element-97726be\" data-id=\"97726be\" data-element_type=\"column\" data-e-type=\"column\">\n\t\t\t<div class=\"elementor-widget-wrap elementor-element-populated\">\n\t\t\t\t\t\t<div class=\"elementor-element elementor-element-8a8df7f elementor-position-top elementor-widget elementor-widget-image-box\" data-id=\"8a8df7f\" data-element_type=\"widget\" data-e-type=\"widget\" data-widget_type=\"image-box.default\">\n\t\t\t\t<div class=\"elementor-widget-container\">\n\t\t\t\t\t<div class=\"elementor-image-box-wrapper\"><figure class=\"elementor-image-box-img\"><a href=\"https:\/\/www.heimatbund-garching.de\/wp-content\/uploads\/2024\/05\/104-Jahre-Vereinssport-in-Garching1-scaled.jpg\" tabindex=\"-1\"><img decoding=\"async\" width=\"213\" height=\"300\" src=\"https:\/\/www.heimatbund-garching.de\/wp-content\/uploads\/2024\/05\/104-Jahre-Vereinssport-in-Garching1-213x300.jpg\" class=\"attachment-medium size-medium wp-image-2482\" alt=\"\" srcset=\"https:\/\/www.heimatbund-garching.de\/wp-content\/uploads\/2024\/05\/104-Jahre-Vereinssport-in-Garching1-213x300.jpg 213w, https:\/\/www.heimatbund-garching.de\/wp-content\/uploads\/2024\/05\/104-Jahre-Vereinssport-in-Garching1-726x1024.jpg 726w, https:\/\/www.heimatbund-garching.de\/wp-content\/uploads\/2024\/05\/104-Jahre-Vereinssport-in-Garching1-768x1083.jpg 768w, https:\/\/www.heimatbund-garching.de\/wp-content\/uploads\/2024\/05\/104-Jahre-Vereinssport-in-Garching1-1089x1536.jpg 1089w, https:\/\/www.heimatbund-garching.de\/wp-content\/uploads\/2024\/05\/104-Jahre-Vereinssport-in-Garching1-1452x2048.jpg 1452w, https:\/\/www.heimatbund-garching.de\/wp-content\/uploads\/2024\/05\/104-Jahre-Vereinssport-in-Garching1-scaled.jpg 1815w\" sizes=\"(max-width: 213px) 100vw, 213px\" \/><\/a><\/figure><div class=\"elementor-image-box-content\"><h3 class=\"elementor-image-box-title\"><a href=\"https:\/\/www.heimatbund-garching.de\/wp-content\/uploads\/2024\/05\/104-Jahre-Vereinssport-in-Garching1-scaled.jpg\">Sonderausstellung<\/a><\/h3><\/div><\/div>\t\t\t\t<\/div>\n\t\t\t\t<\/div>\n\t\t\t\t\t<\/div>\n\t\t<\/div>\n\t\t\t\t\t<\/div>\n\t\t<\/section>\n\t\t\t\t\t<\/div>\n\t\t<\/div>\n\t\t\t\t\t<\/div>\n\t\t<\/section>\n\t\t\t\t<section class=\"elementor-section elementor-top-section elementor-element elementor-element-4e5a4b6 elementor-section-boxed elementor-section-height-default elementor-section-height-default\" data-id=\"4e5a4b6\" data-element_type=\"section\" data-e-type=\"section\">\n\t\t\t\t\t\t<div class=\"elementor-container elementor-column-gap-default\">\n\t\t\t\t\t<div class=\"elementor-column elementor-col-100 elementor-top-column elementor-element elementor-element-1746167\" data-id=\"1746167\" data-element_type=\"column\" data-e-type=\"column\">\n\t\t\t<div class=\"elementor-widget-wrap elementor-element-populated\">\n\t\t\t\t\t\t<div class=\"elementor-element elementor-element-5ca6b5c elementor-widget elementor-widget-spacer\" data-id=\"5ca6b5c\" data-element_type=\"widget\" data-e-type=\"widget\" data-widget_type=\"spacer.default\">\n\t\t\t\t<div class=\"elementor-widget-container\">\n\t\t\t\t\t\t\t<div class=\"elementor-spacer\">\n\t\t\t<div class=\"elementor-spacer-inner\"><\/div>\n\t\t<\/div>\n\t\t\t\t\t\t<\/div>\n\t\t\t\t<\/div>\n\t\t\t\t<div class=\"elementor-element elementor-element-8d18d6d elementor-widget elementor-widget-heading\" data-id=\"8d18d6d\" data-element_type=\"widget\" data-e-type=\"widget\" data-widget_type=\"heading.default\">\n\t\t\t\t<div class=\"elementor-widget-container\">\n\t\t\t\t\t<h1 class=\"elementor-heading-title elementor-size-default\">Geschichte<\/h1>\t\t\t\t<\/div>\n\t\t\t\t<\/div>\n\t\t\t\t\t<\/div>\n\t\t<\/div>\n\t\t\t\t\t<\/div>\n\t\t<\/section>\n\t\t\t\t<section class=\"elementor-section elementor-top-section elementor-element elementor-element-e18df30 elementor-section-boxed elementor-section-height-default elementor-section-height-default\" data-id=\"e18df30\" data-element_type=\"section\" data-e-type=\"section\">\n\t\t\t\t\t\t<div class=\"elementor-container elementor-column-gap-default\">\n\t\t\t\t\t<div class=\"elementor-column elementor-col-100 elementor-top-column elementor-element elementor-element-0b8dc40\" data-id=\"0b8dc40\" data-element_type=\"column\" data-e-type=\"column\">\n\t\t\t<div class=\"elementor-widget-wrap elementor-element-populated\">\n\t\t\t\t\t\t<div class=\"elementor-element elementor-element-7446d34 elementor-widget elementor-widget-text-editor\" data-id=\"7446d34\" data-element_type=\"widget\" data-e-type=\"widget\" data-widget_type=\"text-editor.default\">\n\t\t\t\t<div class=\"elementor-widget-container\">\n\t\t\t\t\t\t\t\t\t<p><img decoding=\"async\" class=\"size-medium wp-image-665 alignright\" src=\"http:\/\/wordpress.heimatbund-garching.de\/wp-content\/uploads\/2019\/04\/Museum-Vitrinen-300x200.jpg\" alt=\"\" width=\"300\" height=\"200\" data-wp-editing=\"1\" srcset=\"https:\/\/www.heimatbund-garching.de\/wp-content\/uploads\/2019\/04\/Museum-Vitrinen-300x200.jpg 300w, https:\/\/www.heimatbund-garching.de\/wp-content\/uploads\/2019\/04\/Museum-Vitrinen-768x512.jpg 768w, https:\/\/www.heimatbund-garching.de\/wp-content\/uploads\/2019\/04\/Museum-Vitrinen.jpg 800w\" sizes=\"(max-width: 300px) 100vw, 300px\" \/>Seit Gr\u00fcndung des Garchinger Heimatbundes war es auch ein Ziel die Sachkultur der Region zu sammeln. Eine erste Aufstellung konnte im Rathaus gezeigt werden bis 1978 zwei R\u00e4ume im ehemaligen HJ-Heim an der Turnstra\u00dfe bezogen werden konnten. Durch Verkauf und nachfolgende Abriss des gemeindeeigenen Geb\u00e4udes, das bis dahin auch R\u00e4ume bot f\u00fcr Jugendheim und Arbeiterwohlfahrt bot, wurde das Verpacken und Einlagern im ehemaligen Postgeb\u00e4ude (Nikolausstra\u00dfe 2) n\u00f6tig. W\u00e4hrend dieser Einlagerung wurde durch die Heimatbundmitglieder begonnen, die Best\u00e4nde zu inventarisieren. Da keine M\u00f6glichkeit einer Ausstellung bereitgestellt wurde und auch dieses Geb\u00e4ude abgebrochen wurde, kamen einige Objekte ins Trostberger Stadtmuseum und in die historische Schmiede nach Birnbaum in der Gemeinde Halsbach. Eine Zwischenlagerung in der Aula der Karl-Janisch-Schule wurde genutzt, zur Konzeptionsfindung f\u00fcr ein arch\u00e4ologisches Museum. Die Vor- und Fr\u00fchgeschichte bildete seit Alters einen Sammlungsschwerpunkt, den die anderen \u201eHeimatmuseen\u201c der Region nicht boten. Mit Unterst\u00fctzung durch die Arch\u00e4ologische Staatssammlung konnte 1996 die \u201eArch\u00e4ologische Sammlung der mittleren Alz\u201c er\u00f6ffnet werden. Die \u00dcbernahme von weiteren urnenfelderzeitlichen Fundst\u00fccken aus der Grabung am Bauplatz des Lidl-Marktes machte eine von Fritz Demmel \u00fcberarbeitete Neupr\u00e4sentation im Jahr 2006 n\u00f6tig. Im Jahr 2010 kamen weitere Exponate des fr\u00fchmittelalterlichen Garching aus der Arch\u00e4ologischen Staatssammlung in M\u00fcnchen zur\u00fcck nach Garching<\/p>\t\t\t\t\t\t\t\t<\/div>\n\t\t\t\t<\/div>\n\t\t\t\t\t<\/div>\n\t\t<\/div>\n\t\t\t\t\t<\/div>\n\t\t<\/section>\n\t\t\t\t<\/div>\n\t\t","protected":false},"excerpt":{"rendered":"<p>Unsere Ausstellungen Dauerausstellung Sonderausstellung Geschichte Seit Gr\u00fcndung des Garchinger Heimatbundes war es auch ein Ziel die Sachkultur der Region zu sammeln. Eine erste Aufstellung konnte im Rathaus gezeigt werden bis 1978 zwei R\u00e4ume im ehemaligen HJ-Heim an der Turnstra\u00dfe bezogen werden konnten. Durch Verkauf und nachfolgende Abriss des gemeindeeigenen Geb\u00e4udes, das bis dahin auch R\u00e4ume&hellip;&nbsp;<a href=\"https:\/\/www.heimatbund-garching.de\/?page_id=663\" rel=\"bookmark\">Weiterlesen &raquo;<span class=\"screen-reader-text\">Museum<\/span><\/a><\/p>\n","protected":false},"author":1,"featured_media":0,"parent":0,"menu_order":0,"comment_status":"closed","ping_status":"closed","template":"page-templates\/template-pagebuilder-full-width.php","meta":{"neve_meta_sidebar":"","neve_meta_container":"","neve_meta_enable_content_width":"","neve_meta_content_width":70,"neve_meta_title_alignment":"","neve_meta_author_avatar":"","neve_post_elements_order":"","neve_meta_disable_header":"","neve_meta_disable_footer":"","neve_meta_disable_title":"","_themeisle_gutenberg_block_has_review":false,"footnotes":""},"class_list":["post-663","page","type-page","status-publish","hentry"],"_links":{"self":[{"href":"https:\/\/www.heimatbund-garching.de\/index.php?rest_route=\/wp\/v2\/pages\/663","targetHints":{"allow":["GET"]}}],"collection":[{"href":"https:\/\/www.heimatbund-garching.de\/index.php?rest_route=\/wp\/v2\/pages"}],"about":[{"href":"https:\/\/www.heimatbund-garching.de\/index.php?rest_route=\/wp\/v2\/types\/page"}],"author":[{"embeddable":true,"href":"https:\/\/www.heimatbund-garching.de\/index.php?rest_route=\/wp\/v2\/users\/1"}],"replies":[{"embeddable":true,"href":"https:\/\/www.heimatbund-garching.de\/index.php?rest_route=%2Fwp%2Fv2%2Fcomments&post=663"}],"version-history":[{"count":24,"href":"https:\/\/www.heimatbund-garching.de\/index.php?rest_route=\/wp\/v2\/pages\/663\/revisions"}],"predecessor-version":[{"id":2522,"href":"https:\/\/www.heimatbund-garching.de\/index.php?rest_route=\/wp\/v2\/pages\/663\/revisions\/2522"}],"wp:attachment":[{"href":"https:\/\/www.heimatbund-garching.de\/index.php?rest_route=%2Fwp%2Fv2%2Fmedia&parent=663"}],"curies":[{"name":"wp","href":"https:\/\/api.w.org\/{rel}","templated":true}]}}