{"id":942,"date":"2019-06-10T13:40:22","date_gmt":"2019-06-10T11:40:22","guid":{"rendered":"http:\/\/wordpress.heimatbund-garching.de\/?page_id=942"},"modified":"2023-01-16T18:35:31","modified_gmt":"2023-01-16T17:35:31","slug":"galerie","status":"publish","type":"page","link":"https:\/\/www.heimatbund-garching.de\/?page_id=942","title":{"rendered":"Marterl"},"content":{"rendered":"\t\t<div data-elementor-type=\"wp-page\" data-elementor-id=\"942\" class=\"elementor elementor-942\">\n\t\t\t\t\t\t<section class=\"elementor-section elementor-top-section elementor-element elementor-element-5a85cc26 elementor-section-boxed elementor-section-height-default elementor-section-height-default\" data-id=\"5a85cc26\" data-element_type=\"section\" data-e-type=\"section\">\n\t\t\t\t\t\t<div class=\"elementor-container elementor-column-gap-default\">\n\t\t\t\t\t<div class=\"elementor-column elementor-col-100 elementor-top-column elementor-element elementor-element-20148989\" data-id=\"20148989\" data-element_type=\"column\" data-e-type=\"column\">\n\t\t\t<div class=\"elementor-widget-wrap elementor-element-populated\">\n\t\t\t\t\t\t<div class=\"elementor-element elementor-element-516b86f9 elementor-widget elementor-widget-text-editor\" data-id=\"516b86f9\" data-element_type=\"widget\" data-e-type=\"widget\" data-widget_type=\"text-editor.default\">\n\t\t\t\t<div class=\"elementor-widget-container\">\n\t\t\t\t\t\t\t\t\t\n<div class=\"wp-block-themeisle-blocks-advanced-columns has-0-columns has-desktop-undefined-layout has-tablet-equal-layout has-mobile-equal-layout has-default-gap has-vertical-unset\" id=\"wp-block-themeisle-blocks-advanced-columns-c17c4d14\"><div class=\"wp-block-themeisle-blocks-advanced-columns-overlay\"><\/div><div class=\"innerblocks-wrap\"><\/div><\/div>\n\t\t\t\t\t\t\t\t<\/div>\n\t\t\t\t<\/div>\n\t\t\t\t\t<\/div>\n\t\t<\/div>\n\t\t\t\t\t<\/div>\n\t\t<\/section>\n\t\t\t\t<section class=\"elementor-section elementor-top-section elementor-element elementor-element-b1f1e39 elementor-section-boxed elementor-section-height-default elementor-section-height-default\" data-id=\"b1f1e39\" data-element_type=\"section\" data-e-type=\"section\">\n\t\t\t\t\t\t<div class=\"elementor-container elementor-column-gap-default\">\n\t\t\t\t\t<div class=\"elementor-column elementor-col-50 elementor-top-column elementor-element elementor-element-75873e9\" data-id=\"75873e9\" data-element_type=\"column\" data-e-type=\"column\">\n\t\t\t<div class=\"elementor-widget-wrap elementor-element-populated\">\n\t\t\t\t\t\t<div class=\"elementor-element elementor-element-0957b19 elementor-widget elementor-widget-image\" data-id=\"0957b19\" data-element_type=\"widget\" data-e-type=\"widget\" data-widget_type=\"image.default\">\n\t\t\t\t<div class=\"elementor-widget-container\">\n\t\t\t\t\t\t\t\t\t\t\t\t\t\t\t<img fetchpriority=\"high\" decoding=\"async\" width=\"591\" height=\"443\" src=\"https:\/\/www.heimatbund-garching.de\/wp-content\/uploads\/2023\/01\/Brandhub.jpg\" class=\"attachment-large size-large wp-image-2079\" alt=\"\" srcset=\"https:\/\/www.heimatbund-garching.de\/wp-content\/uploads\/2023\/01\/Brandhub.jpg 591w, https:\/\/www.heimatbund-garching.de\/wp-content\/uploads\/2023\/01\/Brandhub-300x225.jpg 300w\" sizes=\"(max-width: 591px) 100vw, 591px\" \/>\t\t\t\t\t\t\t\t\t\t\t\t\t\t\t<\/div>\n\t\t\t\t<\/div>\n\t\t\t\t\t<\/div>\n\t\t<\/div>\n\t\t\t\t<div class=\"elementor-column elementor-col-50 elementor-top-column elementor-element elementor-element-7eebb61\" data-id=\"7eebb61\" data-element_type=\"column\" data-e-type=\"column\">\n\t\t\t<div class=\"elementor-widget-wrap elementor-element-populated\">\n\t\t\t\t\t\t<div class=\"elementor-element elementor-element-ac71bca elementor-widget elementor-widget-text-editor\" data-id=\"ac71bca\" data-element_type=\"widget\" data-e-type=\"widget\" data-widget_type=\"text-editor.default\">\n\t\t\t\t<div class=\"elementor-widget-container\">\n\t\t\t\t\t\t\t\t\t<p><span style=\"color: black; font-family: var( --e-global-typography-text-font-family ), Sans-serif; background-color: var(--nv-site-bg);\"><b>Nr. 124 Wegkreuz Brandhub<\/b><\/span><\/p>\n<p>S\u00fcdwestlich der Einm\u00fcndung in die Stra\u00dfe von Neukirchen nach Wald steht ein Wetterkreuz, das zum Hof von Anton u. Maria Huber in Brandhub geh\u00f6rt. Auf eine lange Tradition weist der unter Flurnummer 60 f\u00fcr die Gemeinde Neukirchen eingetragene Name &#8222;die zwei Wetterkreuzlandl&#8220; hin. Ihn findet man auch im Kataster von 1850. Bereits 1889 hatte der damalige Bauer Mathias Rausch das Kreuz erneuern und benedizieren lassen, wie ein Schreiben vom Bisch\u00f6flichen Ordinariat Passau beweist. Nachdem es zun\u00e4chst dem Stra\u00dfenbau nach Wald weichen musste, wurde es sp\u00e4ter beim Transformatorturm wieder aufgestellt. Nach starker Besch\u00e4digung wurde es f\u00fcr fast 20 Jahre entfernt und erst 1991von Hans Aicher renoviert und am 22. Juni 1991 wieder aufgestellt. Am 5. Juli 1991 erhielt es von Pfarrer Max Eckl aus Halsbach den kirchlichen Segen, im Herbst des gleichen Jahres pflanzte der Bauer zu Brandhub links und rechts je einen Ahornbaum.<\/p>\t\t\t\t\t\t\t\t<\/div>\n\t\t\t\t<\/div>\n\t\t\t\t\t<\/div>\n\t\t<\/div>\n\t\t\t\t\t<\/div>\n\t\t<\/section>\n\t\t\t\t<section class=\"elementor-section elementor-top-section elementor-element elementor-element-69551b3 elementor-section-boxed elementor-section-height-default elementor-section-height-default\" data-id=\"69551b3\" data-element_type=\"section\" data-e-type=\"section\">\n\t\t\t\t\t\t<div class=\"elementor-container elementor-column-gap-default\">\n\t\t\t\t\t<div class=\"elementor-column elementor-col-50 elementor-top-column elementor-element elementor-element-1d48d7c\" data-id=\"1d48d7c\" data-element_type=\"column\" data-e-type=\"column\">\n\t\t\t<div class=\"elementor-widget-wrap elementor-element-populated\">\n\t\t\t\t\t\t<div class=\"elementor-element elementor-element-ccdd1f7 elementor-widget elementor-widget-image\" data-id=\"ccdd1f7\" data-element_type=\"widget\" data-e-type=\"widget\" data-widget_type=\"image.default\">\n\t\t\t\t<div class=\"elementor-widget-container\">\n\t\t\t\t\t\t\t\t\t\t\t\t\t\t\t<img decoding=\"async\" width=\"654\" height=\"1024\" src=\"https:\/\/www.heimatbund-garching.de\/wp-content\/uploads\/2022\/10\/Kellerberg-654x1024.jpg\" class=\"attachment-large size-large wp-image-1864\" alt=\"\" srcset=\"https:\/\/www.heimatbund-garching.de\/wp-content\/uploads\/2022\/10\/Kellerberg-654x1024.jpg 654w, https:\/\/www.heimatbund-garching.de\/wp-content\/uploads\/2022\/10\/Kellerberg-192x300.jpg 192w, https:\/\/www.heimatbund-garching.de\/wp-content\/uploads\/2022\/10\/Kellerberg-768x1202.jpg 768w, https:\/\/www.heimatbund-garching.de\/wp-content\/uploads\/2022\/10\/Kellerberg-981x1536.jpg 981w, https:\/\/www.heimatbund-garching.de\/wp-content\/uploads\/2022\/10\/Kellerberg.jpg 1040w\" sizes=\"(max-width: 654px) 100vw, 654px\" \/>\t\t\t\t\t\t\t\t\t\t\t\t\t\t\t<\/div>\n\t\t\t\t<\/div>\n\t\t\t\t\t<\/div>\n\t\t<\/div>\n\t\t\t\t<div class=\"elementor-column elementor-col-50 elementor-top-column elementor-element elementor-element-5078c10\" data-id=\"5078c10\" data-element_type=\"column\" data-e-type=\"column\">\n\t\t\t<div class=\"elementor-widget-wrap elementor-element-populated\">\n\t\t\t\t\t\t<div class=\"elementor-element elementor-element-67030df elementor-widget elementor-widget-text-editor\" data-id=\"67030df\" data-element_type=\"widget\" data-e-type=\"widget\" data-widget_type=\"text-editor.default\">\n\t\t\t\t<div class=\"elementor-widget-container\">\n\t\t\t\t\t\t\t\t\t<p><strong>Nr. 114 Bildstock am Kellerberg<\/strong><\/p>\n<p>Kellerberg, 30 m oberhalb Einfahrt zum Schloss. <br \/>Im Herbst 1987 begann Paul Maier mit Einwilligung des Besitzers mit der Renovierung des bis dahin achtlos schief, mit Gras zugewachsen hinter einem Zaun befindlichen Marterls. Mit Hilfe von Josef Huber und Hartl Hiermeier stellten sie zun\u00e4chst den Stein wieder auf, der fast bis zur H\u00e4lfte in den Boden versunken war. Paul Maier lie\u00df eine neue Blechtafel fertigen, auf die er zur Erinnerung an all die Ungl\u00fccke, die sich hier am Berg ereigneten, ein Fuhrwerksungl\u00fcck in \u00d6l malte. Aus Erz\u00e4hlungen wusste man, dass auf der alten, verrosteten Tafel ebenfalls eine solche Darstellung eines Unfalls abgebildet war, darunter eine Armenseelendarstellung. Auf diese wurde verzichtet. Unter dem Bild mahnt eine Inschrift auch die heutigen Verkehrsteilnehmer zur Vorsicht: &#8222;Zur Erinnerung an all jene, die durch Unf\u00e4lle an diesem Berg ums Leben kamen. Gedenket ihrer im Gebet.&#8220; Interessant: auf der Vorderseite des Steines eingemei\u00dfelte Jahreszahl 1837, vermeintlich das Datum der Erstaufstellung. Mehr ist dazu nicht bekannt.\u00a0<br \/><span style=\"color: var( --e-global-color-text ); font-family: var( --e-global-typography-text-font-family ), Sans-serif; font-weight: var( --e-global-typography-text-font-weight ); background-color: var(--nv-site-bg);\">Das Bild wurde restauriert von Hermann Obele im August 2008 (Original im Museum)<\/span><\/p>\t\t\t\t\t\t\t\t<\/div>\n\t\t\t\t<\/div>\n\t\t\t\t\t<\/div>\n\t\t<\/div>\n\t\t\t\t\t<\/div>\n\t\t<\/section>\n\t\t\t\t<section class=\"elementor-section elementor-top-section elementor-element elementor-element-aad7f29 elementor-section-boxed elementor-section-height-default elementor-section-height-default\" data-id=\"aad7f29\" data-element_type=\"section\" data-e-type=\"section\">\n\t\t\t\t\t\t<div class=\"elementor-container elementor-column-gap-default\">\n\t\t\t\t\t<div class=\"elementor-column elementor-col-50 elementor-top-column elementor-element elementor-element-9ba4984\" data-id=\"9ba4984\" data-element_type=\"column\" data-e-type=\"column\">\n\t\t\t<div class=\"elementor-widget-wrap elementor-element-populated\">\n\t\t\t\t\t\t<div class=\"elementor-element elementor-element-889d92e elementor-widget elementor-widget-image\" data-id=\"889d92e\" data-element_type=\"widget\" data-e-type=\"widget\" data-widget_type=\"image.default\">\n\t\t\t\t<div class=\"elementor-widget-container\">\n\t\t\t\t\t\t\t\t\t\t\t\t\t\t\t<img decoding=\"async\" width=\"647\" height=\"1024\" src=\"https:\/\/www.heimatbund-garching.de\/wp-content\/uploads\/2022\/10\/Oberlindach-1-647x1024.jpg\" class=\"attachment-large size-large wp-image-1873\" alt=\"\" srcset=\"https:\/\/www.heimatbund-garching.de\/wp-content\/uploads\/2022\/10\/Oberlindach-1-647x1024.jpg 647w, https:\/\/www.heimatbund-garching.de\/wp-content\/uploads\/2022\/10\/Oberlindach-1-190x300.jpg 190w, https:\/\/www.heimatbund-garching.de\/wp-content\/uploads\/2022\/10\/Oberlindach-1-768x1215.jpg 768w, https:\/\/www.heimatbund-garching.de\/wp-content\/uploads\/2022\/10\/Oberlindach-1-971x1536.jpg 971w, https:\/\/www.heimatbund-garching.de\/wp-content\/uploads\/2022\/10\/Oberlindach-1.jpg 1044w\" sizes=\"(max-width: 647px) 100vw, 647px\" \/>\t\t\t\t\t\t\t\t\t\t\t\t\t\t\t<\/div>\n\t\t\t\t<\/div>\n\t\t\t\t\t<\/div>\n\t\t<\/div>\n\t\t\t\t<div class=\"elementor-column elementor-col-50 elementor-top-column elementor-element elementor-element-2df7a6f\" data-id=\"2df7a6f\" data-element_type=\"column\" data-e-type=\"column\">\n\t\t\t<div class=\"elementor-widget-wrap elementor-element-populated\">\n\t\t\t\t\t\t<div class=\"elementor-element elementor-element-bb60eeb elementor-widget elementor-widget-text-editor\" data-id=\"bb60eeb\" data-element_type=\"widget\" data-e-type=\"widget\" data-widget_type=\"text-editor.default\">\n\t\t\t\t<div class=\"elementor-widget-container\">\n\t\t\t\t\t\t\t\t\t<p style=\"margin-bottom: .0001pt; line-height: normal;\"><span style=\"mso-ascii-font-family: Calibri; mso-fareast-font-family: 'Times New Roman'; mso-hansi-font-family: Calibri; mso-bidi-font-family: Calibri; color: black; mso-fareast-language: DE;\"><b>Nr. 105 Feldkreuz Kirmaier<\/b><\/span><\/p>\n<p>An der Stra\u00dfe, die von der Kreisstra\u00dfe zum Hof f\u00fchrt, unterhalb des Hofes. Das als &#8222;Wetterkreuz&#8220; bezeichnete schmiedeeiserne Kreuz stammt aus der Zeit um 1870.<br \/>Im \u00e4lteren Sinne war mit der Marter Christi die Kreuzesdarstellung gemeint. So hei\u00dft es in einem alten Dokument: &#8222;Am Karfreitag, so man die marter nieder leget und k\u00fcsset.&#8220; oder &#8222;&#8230; wan\u00a0 sie kniete vor unseres herrn martel.&#8220; Solche Textstellen belegen den mittelhochdeutschen Sprachgebrauch von &#8222;marter&#8220; oder &#8222;marterl&#8220; im Sinne von Kreuz und Kruzifix. Diese Benennung des Gekreuzigten \u00fcbertrug sich in der Folge auch auf die steinernen und h\u00f6lzernen Male, die mit einem Kreuz oder einer Darstellung aus der Leidensgeschichte Jesu ausgestattet waren.<\/p>\t\t\t\t\t\t\t\t<\/div>\n\t\t\t\t<\/div>\n\t\t\t\t\t<\/div>\n\t\t<\/div>\n\t\t\t\t\t<\/div>\n\t\t<\/section>\n\t\t\t\t<\/div>\n\t\t","protected":false},"excerpt":{"rendered":"<p>Nr. 124 Wegkreuz Brandhub S\u00fcdwestlich der Einm\u00fcndung in die Stra\u00dfe von Neukirchen nach Wald steht ein Wetterkreuz, das zum Hof von Anton u. Maria Huber in Brandhub geh\u00f6rt. Auf eine lange Tradition weist der unter Flurnummer 60 f\u00fcr die Gemeinde Neukirchen eingetragene Name &#8222;die zwei Wetterkreuzlandl&#8220; hin. Ihn findet man auch im Kataster von 1850.&hellip;&nbsp;<a href=\"https:\/\/www.heimatbund-garching.de\/?page_id=942\" rel=\"bookmark\">Weiterlesen &raquo;<span class=\"screen-reader-text\">Marterl<\/span><\/a><\/p>\n","protected":false},"author":1,"featured_media":0,"parent":0,"menu_order":0,"comment_status":"closed","ping_status":"closed","template":"page-templates\/template-pagebuilder-full-width.php","meta":{"neve_meta_sidebar":"","neve_meta_container":"","neve_meta_enable_content_width":"","neve_meta_content_width":70,"neve_meta_title_alignment":"","neve_meta_author_avatar":"","neve_post_elements_order":"","neve_meta_disable_header":"","neve_meta_disable_footer":"","neve_meta_disable_title":"","_themeisle_gutenberg_block_has_review":false,"footnotes":""},"class_list":["post-942","page","type-page","status-publish","hentry"],"_links":{"self":[{"href":"https:\/\/www.heimatbund-garching.de\/index.php?rest_route=\/wp\/v2\/pages\/942","targetHints":{"allow":["GET"]}}],"collection":[{"href":"https:\/\/www.heimatbund-garching.de\/index.php?rest_route=\/wp\/v2\/pages"}],"about":[{"href":"https:\/\/www.heimatbund-garching.de\/index.php?rest_route=\/wp\/v2\/types\/page"}],"author":[{"embeddable":true,"href":"https:\/\/www.heimatbund-garching.de\/index.php?rest_route=\/wp\/v2\/users\/1"}],"replies":[{"embeddable":true,"href":"https:\/\/www.heimatbund-garching.de\/index.php?rest_route=%2Fwp%2Fv2%2Fcomments&post=942"}],"version-history":[{"count":91,"href":"https:\/\/www.heimatbund-garching.de\/index.php?rest_route=\/wp\/v2\/pages\/942\/revisions"}],"predecessor-version":[{"id":2082,"href":"https:\/\/www.heimatbund-garching.de\/index.php?rest_route=\/wp\/v2\/pages\/942\/revisions\/2082"}],"wp:attachment":[{"href":"https:\/\/www.heimatbund-garching.de\/index.php?rest_route=%2Fwp%2Fv2%2Fmedia&parent=942"}],"curies":[{"name":"wp","href":"https:\/\/api.w.org\/{rel}","templated":true}]}}